{"id":93712,"date":"2023-12-01T19:43:03","date_gmt":"2023-12-01T19:43:03","guid":{"rendered":"https:\/\/pcr-automobile.de\/?page_id=93712"},"modified":"2023-12-02T12:46:50","modified_gmt":"2023-12-02T12:46:50","slug":"garantie","status":"publish","type":"page","link":"https:\/\/pcr-automobile.de\/?page_id=93712","title":{"rendered":"Garantie &#8211; Ihr optimaler Schutz liegt uns am Herzen"},"content":{"rendered":"\n<p>Die Zusammenarbeit mit CarGarantie, einem renommierten Unternehmen auf dem Gebiet der Fahrzeuggarantie, erm\u00f6glicht es uns, unseren Kunden einen erweiterten Schutz anzubieten, der \u00fcber die \u00fcbliche Sachm\u00e4ngelhaftung hinausgeht. Mit dem GSG20-Premium-Garantie-Paket erhalten Sie einen umfangreichen Schutz f\u00fcr Ihr Fahrzeug, der Sie vor unerwarteten Reparaturkosten sch\u00fctzt und Ihnen eine zus\u00e4tzliche Sicherheit bietet, und das bis zu Jahre lang ab Kauf. <\/p>\n\n\n\n<p><\/p>\n\n\n\n<figure class=\"wp-block-image size-full\"><img fetchpriority=\"high\" decoding=\"async\" width=\"980\" height=\"251\" src=\"https:\/\/pcr-automobile.de\/wp-content\/uploads\/2023\/12\/car-garantie-logo-web-1-2.png\" alt=\"\" class=\"wp-image-93744\" srcset=\"https:\/\/pcr-automobile.de\/wp-content\/uploads\/2023\/12\/car-garantie-logo-web-1-2.png 980w, https:\/\/pcr-automobile.de\/wp-content\/uploads\/2023\/12\/car-garantie-logo-web-1-2-300x77.png 300w, https:\/\/pcr-automobile.de\/wp-content\/uploads\/2023\/12\/car-garantie-logo-web-1-2-768x197.png 768w, https:\/\/pcr-automobile.de\/wp-content\/uploads\/2023\/12\/car-garantie-logo-web-1-2-600x154.png 600w\" sizes=\"(max-width: 980px) 100vw, 980px\" \/><\/figure>\n\n\n\n<p>Unsere langj\u00e4hrige Zusammenarbeit mit CarGarantie spiegelt unser Engagement wider, Ihnen stets die besten Produkte und Dienstleistungen anzubieten. Wir sind stolz darauf, Ihnen das GSG20-Premium-Garantie-Paket pr\u00e4sentieren zu k\u00f6nnen, das Ihnen die Freiheit gibt, Ihre Werkstatt frei zu w\u00e4hlen und eine umfassende Abdeckung f\u00fcr \u00fcber 15 Fahrzeugkomponentengruppen bietet.<\/p>\n\n\n\n<p>Verlassen Sie sich auf unsere Expertise und unsere bew\u00e4hrte Partnerschaft mit CarGarantie, um Ihren Fahrzeugkauf mit einem zus\u00e4tzlichen Ma\u00df an Sicherheit und Zuverl\u00e4ssigkeit zu begleiten. Kontaktieren Sie uns noch heute, um mehr \u00fcber das GSG20-Premium-Garantie-Paket zu erfahren und wie es Ihnen helfen kann, sich vor unerwarteten Kosten zu sch\u00fctzen.<\/p>\n\n\n\n<div data-wp-interactive=\"\" class=\"wp-block-file\"><object data-wp-bind--hidden=\"!selectors.core.file.hasPdfPreview\" hidden class=\"wp-block-file__embed\" data=\"https:\/\/pcr-automobile.de\/wp-content\/uploads\/2023\/12\/nv5WSx-warrantyprogram_de_2re.pdf\" type=\"application\/pdf\" style=\"width:100%;height:600px\" aria-label=\"Einbettung von GSG-20-PR\u00c4MIENINFORMATION.\"><\/object><a id=\"wp-block-file--media-8a2514c5-9b32-4e59-9edd-fc524d594fa6\" href=\"https:\/\/pcr-automobile.de\/wp-content\/uploads\/2023\/12\/nv5WSx-warrantyprogram_de_2re.pdf\">GSG-20-PR\u00c4MIENINFORMATION<\/a><a href=\"https:\/\/pcr-automobile.de\/wp-content\/uploads\/2023\/12\/nv5WSx-warrantyprogram_de_2re.pdf\" class=\"wp-block-file__button wp-element-button\" download aria-describedby=\"wp-block-file--media-8a2514c5-9b32-4e59-9edd-fc524d594fa6\"><mark style=\"background-color:rgba(0, 0, 0, 0)\" class=\"has-inline-color has-ti-bg-color\">Herunterladen<\/mark><\/a><\/div>\n\n\n\n<p><strong>GARANTIE VS. GEW\u00c4HRLEISTUNG <\/strong><\/p>\n\n\n\n<p>Die Sachm\u00e4ngelhaftung ist ein gesetzlich verankerter Schutz, der sicherstellt, dass ein gekauftes Produkt, beispielsweise ein Auto, zum Zeitpunkt des Verkaufs frei von Sachm\u00e4ngeln ist. Wenn ein Sachmangel festgestellt wird, hat der K\u00e4ufer Anspruch auf verschiedene Optionen wie Nachbesserung, Ersatzlieferung oder R\u00fcckerstattung des Kaufpreises.<\/p>\n\n\n\n<p>Im Gegensatz dazu ist die GSG20 von CarGarantie ein Premium-Plus-Produkt, das weit \u00fcber die Standards der Sachm\u00e4ngelhaftung hinausgeht. Diese Garantie bietet einen erweiterten Schutz f\u00fcr Ihr Fahrzeug, der umfangreicher ist als die gesetzliche Sachm\u00e4ngelhaftung. Die GSG20 deckt eine Vielzahl von Bauteilen und Reparaturen ab, die normalerweise nicht von der Sachm\u00e4ngelhaftung erfasst werden.<\/p>\n\n\n\n<p>Besonders hervorzuheben ist, dass die GSG20 eine freie Werkstattwahl erm\u00f6glicht. Im Gegensatz zur Sachm\u00e4ngelhaftung sind Sie mit der GSG20 nicht an Vertragswerkst\u00e4tten gebunden, sondern k\u00f6nnen die Reparaturen in einer Werkstatt Ihrer Wahl durchf\u00fchren lassen. Das bedeutet, dass Sie flexibler sind und die M\u00f6glichkeit haben, die Werkstatt auszuw\u00e4hlen, der Sie vertrauen und die Ihren Bed\u00fcrfnissen am besten entspricht.<\/p>\n\n\n\n<p>Die GSG20 von CarGarantie bietet somit einen umfassenden und erweiterten Schutz f\u00fcr Ihr Fahrzeug \u00fcber die gesetzlichen Standards der Sachm\u00e4ngelhaftung hinaus. Mit ihrer umfangreichen Abdeckung und der freien Wahl der Werkstatt gibt sie Ihnen zus\u00e4tzliche Sicherheit und Flexibilit\u00e4t im Falle von Reparaturen und sorgt daf\u00fcr, dass Sie l\u00e4ngerfristig vor unerwarteten Kosten gesch\u00fctzt sind.<\/p>\n","protected":false},"excerpt":{"rendered":"<p>Die Zusammenarbeit mit CarGarantie, einem renommierten Unternehmen auf dem Gebiet der Fahrzeuggarantie, erm\u00f6glicht es uns, unseren Kunden einen erweiterten Schutz anzubieten, der \u00fcber die \u00fcbliche Sachm\u00e4ngelhaftung hinausgeht. Mit dem GSG20-Premium-Garantie-Paket erhalten Sie einen umfangreichen Schutz f\u00fcr Ihr Fahrzeug, der Sie vor unerwarteten Reparaturkosten sch\u00fctzt und Ihnen eine zus\u00e4tzliche Sicherheit bietet, und das bis zu Jahre [&hellip;]<\/p>\n","protected":false},"author":1,"featured_media":0,"parent":0,"menu_order":0,"comment_status":"closed","ping_status":"closed","template":"","meta":{"footnotes":""},"_links":{"self":[{"href":"https:\/\/pcr-automobile.de\/index.php?rest_route=\/wp\/v2\/pages\/93712"}],"collection":[{"href":"https:\/\/pcr-automobile.de\/index.php?rest_route=\/wp\/v2\/pages"}],"about":[{"href":"https:\/\/pcr-automobile.de\/index.php?rest_route=\/wp\/v2\/types\/page"}],"author":[{"embeddable":true,"href":"https:\/\/pcr-automobile.de\/index.php?rest_route=\/wp\/v2\/users\/1"}],"replies":[{"embeddable":true,"href":"https:\/\/pcr-automobile.de\/index.php?rest_route=%2Fwp%2Fv2%2Fcomments&post=93712"}],"version-history":[{"count":3,"href":"https:\/\/pcr-automobile.de\/index.php?rest_route=\/wp\/v2\/pages\/93712\/revisions"}],"predecessor-version":[{"id":93746,"href":"https:\/\/pcr-automobile.de\/index.php?rest_route=\/wp\/v2\/pages\/93712\/revisions\/93746"}],"wp:attachment":[{"href":"https:\/\/pcr-automobile.de\/index.php?rest_route=%2Fwp%2Fv2%2Fmedia&parent=93712"}],"curies":[{"name":"wp","href":"https:\/\/api.w.org\/{rel}","templated":true}]}}