{"id":93718,"date":"2023-12-01T19:45:02","date_gmt":"2023-12-01T19:45:02","guid":{"rendered":"https:\/\/pcr-automobile.de\/?page_id=93718"},"modified":"2023-12-06T16:10:31","modified_gmt":"2023-12-06T16:10:31","slug":"impressum","status":"publish","type":"page","link":"https:\/\/pcr-automobile.de\/?page_id=93718","title":{"rendered":"Impressum"},"content":{"rendered":"\n<p><strong>Angaben gem\u00e4\u00df \u00a7 5 TMG<\/strong><br>Ren\u00e9 Hein<br>PCR Automobile<br>Mei\u00dfener Stra\u00dfe 130<br>01445 Radebeul<\/p>\n\n\n\n<p><strong>Kontakt<\/strong><br>Telefon: (+49) 0351 84 88 200<br>E-Mail: <a href=\"mailto:info@pcr-automobile.de\">info@pcr-automobile.de<\/a><\/p>\n\n\n\n<p><strong>Umsatzsteuer-ID<\/strong><br>Umsatzsteuer-Identifikationsnummer gem\u00e4\u00df \u00a7 27 a Umsatzsteuergesetz:<br>DE140240253<\/p>\n\n\n\n<p><strong>EU-Streitschlichtung<\/strong><br>Die Europ\u00e4ische Kommission stellt eine Plattform zur Online-Streitbeilegung (OS) bereit:<br><a href=\"https:\/\/ec.europa.eu\/consumers\/odr\/\">https:\/\/ec.europa.eu\/consumers\/odr\/<\/a><br>Unsere E-Mail-Adresse finden Sie oben im Impressum.<\/p>\n\n\n\n<p><strong>Verbraucherstreitbeilegung\/Universalschlichtungsstelle<\/strong><br>Wir sind nicht bereit oder verpflichtet, an Streitbeilegungsverfahren vor einer Verbraucherschlichtungsstelle teilzunehmen.<\/p>\n","protected":false},"excerpt":{"rendered":"<p>Angaben gem\u00e4\u00df \u00a7 5 TMGRen\u00e9 HeinPCR AutomobileMei\u00dfener Stra\u00dfe 13001445 Radebeul KontaktTelefon: (+49) 0351 84 88 200E-Mail: info@pcr-automobile.de Umsatzsteuer-IDUmsatzsteuer-Identifikationsnummer gem\u00e4\u00df \u00a7 27 a Umsatzsteuergesetz:DE140240253 EU-StreitschlichtungDie Europ\u00e4ische Kommission stellt eine Plattform zur Online-Streitbeilegung (OS) bereit:https:\/\/ec.europa.eu\/consumers\/odr\/Unsere E-Mail-Adresse finden Sie oben im Impressum. Verbraucherstreitbeilegung\/UniversalschlichtungsstelleWir sind nicht bereit oder verpflichtet, an Streitbeilegungsverfahren vor einer Verbraucherschlichtungsstelle teilzunehmen.<\/p>\n","protected":false},"author":1,"featured_media":0,"parent":0,"menu_order":0,"comment_status":"closed","ping_status":"closed","template":"","meta":{"footnotes":""},"_links":{"self":[{"href":"https:\/\/pcr-automobile.de\/index.php?rest_route=\/wp\/v2\/pages\/93718"}],"collection":[{"href":"https:\/\/pcr-automobile.de\/index.php?rest_route=\/wp\/v2\/pages"}],"about":[{"href":"https:\/\/pcr-automobile.de\/index.php?rest_route=\/wp\/v2\/types\/page"}],"author":[{"embeddable":true,"href":"https:\/\/pcr-automobile.de\/index.php?rest_route=\/wp\/v2\/users\/1"}],"replies":[{"embeddable":true,"href":"https:\/\/pcr-automobile.de\/index.php?rest_route=%2Fwp%2Fv2%2Fcomments&post=93718"}],"version-history":[{"count":3,"href":"https:\/\/pcr-automobile.de\/index.php?rest_route=\/wp\/v2\/pages\/93718\/revisions"}],"predecessor-version":[{"id":93781,"href":"https:\/\/pcr-automobile.de\/index.php?rest_route=\/wp\/v2\/pages\/93718\/revisions\/93781"}],"wp:attachment":[{"href":"https:\/\/pcr-automobile.de\/index.php?rest_route=%2Fwp%2Fv2%2Fmedia&parent=93718"}],"curies":[{"name":"wp","href":"https:\/\/api.w.org\/{rel}","templated":true}]}}